{"id":8458,"date":"2023-08-25T06:37:32","date_gmt":"2023-08-25T06:37:32","guid":{"rendered":"https:\/\/www.embutidoskodes.com\/kodes\/"},"modified":"2026-02-17T14:48:18","modified_gmt":"2026-02-17T14:48:18","slug":"kodes","status":"publish","type":"page","link":"https:\/\/www.embutidoskodes.com\/fr\/kodes\/","title":{"rendered":"Kodes"},"content":{"rendered":"\t\t<div data-elementor-type=\"wp-page\" data-elementor-id=\"8458\" class=\"elementor elementor-8458 elementor-7502\">\n\t\t\t\t\t\t<section class=\"elementor-section elementor-top-section elementor-element elementor-element-0c9b4c7 elementor-section-full_width elementor-section-stretched elementor-section-height-default elementor-section-height-default qodef-elementor-content-no\" data-id=\"0c9b4c7\" data-element_type=\"section\" data-e-type=\"section\" data-settings=\"{&quot;stretch_section&quot;:&quot;section-stretched&quot;,&quot;background_background&quot;:&quot;classic&quot;}\">\n\t\t\t\t\t\t<div class=\"elementor-container elementor-column-gap-no\">\n\t\t\t\t\t<div class=\"elementor-column elementor-col-100 elementor-top-column elementor-element elementor-element-e48e1f1\" data-id=\"e48e1f1\" data-element_type=\"column\" data-e-type=\"column\">\n\t\t\t<div class=\"elementor-widget-wrap elementor-element-populated\">\n\t\t\t\t\t\t<div class=\"elementor-element elementor-element-6dcf230 elementor-widget elementor-widget-heading\" data-id=\"6dcf230\" data-element_type=\"widget\" data-e-type=\"widget\" data-widget_type=\"heading.default\">\n\t\t\t\t<div class=\"elementor-widget-container\">\n\t\t\t\t\t<h1 class=\"elementor-heading-title elementor-size-default\">KODES<\/h1>\t\t\t\t<\/div>\n\t\t\t\t<\/div>\n\t\t\t\t\t<\/div>\n\t\t<\/div>\n\t\t\t\t\t<\/div>\n\t\t<\/section>\n\t\t\t\t<section class=\"elementor-section elementor-top-section elementor-element elementor-element-fc69f54 elementor-section-full_width elementor-section-height-default elementor-section-height-default qodef-elementor-content-no\" data-id=\"fc69f54\" data-element_type=\"section\" data-e-type=\"section\">\n\t\t\t\t\t\t<div class=\"elementor-container elementor-column-gap-default\">\n\t\t\t\t\t<div class=\"elementor-column elementor-col-100 elementor-top-column elementor-element elementor-element-c1a8c7c\" data-id=\"c1a8c7c\" data-element_type=\"column\" data-e-type=\"column\">\n\t\t\t<div class=\"elementor-widget-wrap elementor-element-populated\">\n\t\t\t\t\t\t<div class=\"elementor-element elementor-element-8404777 elementor-widget elementor-widget-beurre_core_custom_font\" data-id=\"8404777\" data-element_type=\"widget\" data-e-type=\"widget\" data-widget_type=\"beurre_core_custom_font.default\">\n\t\t\t\t<div class=\"elementor-widget-container\">\n\t\t\t\t\t<p class=\"qodef-shortcode qodef-m  qodef-custom-font qodef-custom-font-41 qodef-layout--simple  \" style=\"font-family: Barlow;font-size: 40px;line-height: 50px;font-weight: 200\">CHEZ KODES, NOUS AVONS CR\u00c9\u00c9 LA PREMI\u00c8RE CHARCUTERIE \n\u00c0 L'AR\u00d4ME <i>BASQUE<\/i>. UN AR\u00d4ME <i>UNIQUE<\/i>. <\/p>\n\t\t\t\t<\/div>\n\t\t\t\t<\/div>\n\t\t\t\t<div class=\"elementor-element elementor-element-537e542 elementor-widget elementor-widget-beurre_core_separator\" data-id=\"537e542\" data-element_type=\"widget\" data-e-type=\"widget\" data-widget_type=\"beurre_core_separator.default\">\n\t\t\t\t<div class=\"elementor-widget-container\">\n\t\t\t\t\t<div class=\"qodef-shortcode qodef-m  qodef-separator clear  \">\n\t<div class=\"qodef-m-line\" style=\"width: 120px;border-bottom-width: 1px\"><\/div>\n<\/div>\n\t\t\t\t<\/div>\n\t\t\t\t<\/div>\n\t\t\t\t\t<\/div>\n\t\t<\/div>\n\t\t\t\t\t<\/div>\n\t\t<\/section>\n\t\t\t\t<section class=\"elementor-section elementor-top-section elementor-element elementor-element-0a3b662 elementor-section-full_width elementor-section-stretched elementor-section-height-default elementor-section-height-default qodef-elementor-content-no\" data-id=\"0a3b662\" data-element_type=\"section\" data-e-type=\"section\" data-settings=\"{&quot;stretch_section&quot;:&quot;section-stretched&quot;,&quot;background_background&quot;:&quot;classic&quot;}\">\n\t\t\t\t\t\t<div class=\"elementor-container elementor-column-gap-no\">\n\t\t\t\t\t<div class=\"elementor-column elementor-col-50 elementor-top-column elementor-element elementor-element-dc32469\" data-id=\"dc32469\" data-element_type=\"column\" data-e-type=\"column\" data-settings=\"{&quot;background_background&quot;:&quot;classic&quot;}\">\n\t\t\t<div class=\"elementor-widget-wrap elementor-element-populated\">\n\t\t\t\t\t\t<div class=\"elementor-element elementor-element-cea660c elementor-widget elementor-widget-image\" data-id=\"cea660c\" data-element_type=\"widget\" data-e-type=\"widget\" data-widget_type=\"image.default\">\n\t\t\t\t<div class=\"elementor-widget-container\">\n\t\t\t\t\t\t\t\t\t\t\t\t\t\t\t<img fetchpriority=\"high\" decoding=\"async\" width=\"1024\" height=\"1024\" src=\"https:\/\/www.embutidoskodes.com\/wp-content\/uploads\/2026\/01\/kodes-imagen2.png\" class=\"attachment-large size-large wp-image-8454\" alt=\"\" srcset=\"https:\/\/www.embutidoskodes.com\/wp-content\/uploads\/2026\/01\/kodes-imagen2.png 1024w, https:\/\/www.embutidoskodes.com\/wp-content\/uploads\/2026\/01\/kodes-imagen2-300x300.png 300w, https:\/\/www.embutidoskodes.com\/wp-content\/uploads\/2026\/01\/kodes-imagen2-150x150.png 150w, https:\/\/www.embutidoskodes.com\/wp-content\/uploads\/2026\/01\/kodes-imagen2-768x768.png 768w, https:\/\/www.embutidoskodes.com\/wp-content\/uploads\/2026\/01\/kodes-imagen2-650x650.png 650w\" sizes=\"(max-width: 1024px) 100vw, 1024px\" \/>\t\t\t\t\t\t\t\t\t\t\t\t\t\t\t<\/div>\n\t\t\t\t<\/div>\n\t\t\t\t\t<\/div>\n\t\t<\/div>\n\t\t\t\t<div class=\"elementor-column elementor-col-50 elementor-top-column elementor-element elementor-element-b646be0\" data-id=\"b646be0\" data-element_type=\"column\" data-e-type=\"column\" data-settings=\"{&quot;background_background&quot;:&quot;classic&quot;}\">\n\t\t\t<div class=\"elementor-widget-wrap elementor-element-populated\">\n\t\t\t\t\t\t<div class=\"elementor-element elementor-element-98d06f7 elementor-widget__width-initial elementor-widget elementor-widget-beurre_core_section_title\" data-id=\"98d06f7\" data-element_type=\"widget\" data-e-type=\"widget\" data-widget_type=\"beurre_core_section_title.default\">\n\t\t\t\t<div class=\"elementor-widget-container\">\n\t\t\t\t\t<div class=\"qodef-shortcode qodef-m  qodef-section-title qodef-alignment--left  \">\n\t\t<span class=\"qodef-m-tagline\">PRODUIT 100% BASQUE<\/span>\n\t\t<h4 class=\"qodef-m-title\" >\n\t\t\t\t\tEmportez un peu de notre terroir dans votre assiette\t\t\t<\/h4>\n\t\t<p class=\"qodef-m-text\" >Notre terre est notre identit\u00e9, c'est pourquoi nous avons cr\u00e9\u00e9 la premi\u00e8re charcuterie 100 % basque. Fabriqu\u00e9s au Pays basque \u00e0 partir de produits 100 % locaux, nos produits offrent une exp\u00e9rience unique qui vous transmettra une grande partie de nos valeurs et de nos saveurs. Un morceau de notre terre dans une bouch\u00e9e. Nous vous aiderons \u00e0 l'appr\u00e9cier comme nous savons le faire.    <\/p>\n<\/div>\n\t\t\t\t<\/div>\n\t\t\t\t<\/div>\n\t\t\t\t\t<\/div>\n\t\t<\/div>\n\t\t\t\t\t<\/div>\n\t\t<\/section>\n\t\t\t\t<section class=\"elementor-section elementor-top-section elementor-element elementor-element-12e88b9 elementor-section-full_width elementor-section-stretched elementor-reverse-mobile elementor-section-height-default elementor-section-height-default qodef-elementor-content-no\" data-id=\"12e88b9\" data-element_type=\"section\" data-e-type=\"section\" data-settings=\"{&quot;stretch_section&quot;:&quot;section-stretched&quot;,&quot;background_background&quot;:&quot;classic&quot;}\">\n\t\t\t\t\t\t<div class=\"elementor-container elementor-column-gap-no\">\n\t\t\t\t\t<div class=\"elementor-column elementor-col-50 elementor-top-column elementor-element elementor-element-c8bbdfd\" data-id=\"c8bbdfd\" data-element_type=\"column\" data-e-type=\"column\" data-settings=\"{&quot;background_background&quot;:&quot;classic&quot;}\">\n\t\t\t<div class=\"elementor-widget-wrap elementor-element-populated\">\n\t\t\t\t\t\t<div class=\"elementor-element elementor-element-3eb3e05 elementor-widget__width-initial elementor-widget elementor-widget-beurre_core_section_title\" data-id=\"3eb3e05\" data-element_type=\"widget\" data-e-type=\"widget\" data-widget_type=\"beurre_core_section_title.default\">\n\t\t\t\t<div class=\"elementor-widget-container\">\n\t\t\t\t\t<div class=\"qodef-shortcode qodef-m  qodef-section-title qodef-alignment--left  \">\n\t\t<span class=\"qodef-m-tagline\">La cl\u00e9<\/span>\n\t\t<h4 class=\"qodef-m-title\" >\n\t\t\t\t\tLe piment d'Espelette, tr\u00e9sor basco-fran\u00e7ais \t\t\t<\/h4>\n\t\t<p class=\"qodef-m-text\" >Chez Kodes, nous appr\u00e9cions et mettons en valeur les traditions gastronomiques de notre r\u00e9gion, le Pays basque. C'est pourquoi nous utilisons le piment d'Espelette, un piment tr\u00e8s traditionnel et tr\u00e8s appr\u00e9ci\u00e9 dans la r\u00e9gion basque fran\u00e7aise, pour assaisonner nos charcuteries. Notre assaisonnement sp\u00e9cial, la cl\u00e9 de nos charcuteries. Le piment d'Espelette est l'un des tr\u00e9sors du Pays bas fran\u00e7ais, un piment b\u00e9n\u00e9ficiant d'une appellation d'origine qui en fait un tr\u00e9sor de notre gastronomie.   <\/p>\n<\/div>\n\t\t\t\t<\/div>\n\t\t\t\t<\/div>\n\t\t\t\t\t<\/div>\n\t\t<\/div>\n\t\t\t\t<div class=\"elementor-column elementor-col-50 elementor-top-column elementor-element elementor-element-78e136f\" data-id=\"78e136f\" data-element_type=\"column\" data-e-type=\"column\" data-settings=\"{&quot;background_background&quot;:&quot;classic&quot;}\">\n\t\t\t<div class=\"elementor-widget-wrap elementor-element-populated\">\n\t\t\t\t\t\t<div class=\"elementor-element elementor-element-1baff64 elementor-widget elementor-widget-image\" data-id=\"1baff64\" data-element_type=\"widget\" data-e-type=\"widget\" data-widget_type=\"image.default\">\n\t\t\t\t<div class=\"elementor-widget-container\">\n\t\t\t\t\t\t\t\t\t\t\t\t\t\t\t<img decoding=\"async\" width=\"1024\" height=\"683\" src=\"https:\/\/www.embutidoskodes.com\/wp-content\/uploads\/2024\/05\/bipertegia-24-05-1024x683.jpg\" class=\"attachment-large size-large wp-image-8455\" alt=\"\" srcset=\"https:\/\/www.embutidoskodes.com\/wp-content\/uploads\/2024\/05\/bipertegia-24-05-1024x683.jpg 1024w, https:\/\/www.embutidoskodes.com\/wp-content\/uploads\/2024\/05\/bipertegia-24-05-300x200.jpg 300w, https:\/\/www.embutidoskodes.com\/wp-content\/uploads\/2024\/05\/bipertegia-24-05-768x512.jpg 768w, https:\/\/www.embutidoskodes.com\/wp-content\/uploads\/2024\/05\/bipertegia-24-05-1536x1024.jpg 1536w, https:\/\/www.embutidoskodes.com\/wp-content\/uploads\/2024\/05\/bipertegia-24-05.jpg 1600w\" sizes=\"(max-width: 1024px) 100vw, 1024px\" \/>\t\t\t\t\t\t\t\t\t\t\t\t\t\t\t<\/div>\n\t\t\t\t<\/div>\n\t\t\t\t\t<\/div>\n\t\t<\/div>\n\t\t\t\t\t<\/div>\n\t\t<\/section>\n\t\t\t\t<section class=\"elementor-section elementor-top-section elementor-element elementor-element-747d1bb elementor-section-full_width elementor-section-stretched elementor-section-height-default elementor-section-height-default qodef-elementor-content-no\" data-id=\"747d1bb\" data-element_type=\"section\" data-e-type=\"section\" data-settings=\"{&quot;stretch_section&quot;:&quot;section-stretched&quot;,&quot;background_background&quot;:&quot;classic&quot;}\">\n\t\t\t\t\t\t<div class=\"elementor-container elementor-column-gap-no\">\n\t\t\t\t\t<div class=\"elementor-column elementor-col-50 elementor-top-column elementor-element elementor-element-c864069\" data-id=\"c864069\" data-element_type=\"column\" data-e-type=\"column\" data-settings=\"{&quot;background_background&quot;:&quot;classic&quot;}\">\n\t\t\t<div class=\"elementor-widget-wrap elementor-element-populated\">\n\t\t\t\t\t\t<div class=\"elementor-element elementor-element-0ad79ab elementor-widget elementor-widget-image\" data-id=\"0ad79ab\" data-element_type=\"widget\" data-e-type=\"widget\" data-widget_type=\"image.default\">\n\t\t\t\t<div class=\"elementor-widget-container\">\n\t\t\t\t\t\t\t\t\t\t\t\t\t\t\t<img decoding=\"async\" width=\"1024\" height=\"1024\" src=\"https:\/\/www.embutidoskodes.com\/wp-content\/uploads\/2026\/01\/kodes-imagen.png\" class=\"attachment-large size-large wp-image-8456\" alt=\"\" srcset=\"https:\/\/www.embutidoskodes.com\/wp-content\/uploads\/2026\/01\/kodes-imagen.png 1024w, https:\/\/www.embutidoskodes.com\/wp-content\/uploads\/2026\/01\/kodes-imagen-300x300.png 300w, https:\/\/www.embutidoskodes.com\/wp-content\/uploads\/2026\/01\/kodes-imagen-150x150.png 150w, https:\/\/www.embutidoskodes.com\/wp-content\/uploads\/2026\/01\/kodes-imagen-768x768.png 768w, https:\/\/www.embutidoskodes.com\/wp-content\/uploads\/2026\/01\/kodes-imagen-650x650.png 650w\" sizes=\"(max-width: 1024px) 100vw, 1024px\" \/>\t\t\t\t\t\t\t\t\t\t\t\t\t\t\t<\/div>\n\t\t\t\t<\/div>\n\t\t\t\t\t<\/div>\n\t\t<\/div>\n\t\t\t\t<div class=\"elementor-column elementor-col-50 elementor-top-column elementor-element elementor-element-c9e45cc\" data-id=\"c9e45cc\" data-element_type=\"column\" data-e-type=\"column\" data-settings=\"{&quot;background_background&quot;:&quot;classic&quot;}\">\n\t\t\t<div class=\"elementor-widget-wrap elementor-element-populated\">\n\t\t\t\t\t\t<div class=\"elementor-element elementor-element-e7d35bf elementor-widget__width-initial elementor-widget elementor-widget-beurre_core_section_title\" data-id=\"e7d35bf\" data-element_type=\"widget\" data-e-type=\"widget\" data-widget_type=\"beurre_core_section_title.default\">\n\t\t\t\t<div class=\"elementor-widget-container\">\n\t\t\t\t\t<div class=\"qodef-shortcode qodef-m  qodef-section-title qodef-alignment--left  \">\n\t\t<span class=\"qodef-m-tagline\">GOURMET ET NATUREL<\/span>\n\t\t<h4 class=\"qodef-m-title\" >\n\t\t\t\t\tPROFITEZ D'UN PRODUIT AUTHENTIQUE\t\t\t<\/h4>\n\t\t<p class=\"qodef-m-text\" >Le caract\u00e8re naturel et la qualit\u00e9 de nos produits en font des produits gastronomiques. Chez Kodes, nous d\u00e9fendons l'importance de rendre nos saveurs et nos exp\u00e9riences accessibles \u00e0 tous, en les rendant aussi abordables que possible. C'est une fa\u00e7on de faire conna\u00eetre notre culture et notre mode de vie au monde entier.  <\/p>\n<\/div>\n\t\t\t\t<\/div>\n\t\t\t\t<\/div>\n\t\t\t\t\t<\/div>\n\t\t<\/div>\n\t\t\t\t\t<\/div>\n\t\t<\/section>\n\t\t\t\t<section class=\"elementor-section elementor-top-section elementor-element elementor-element-8d25e11 elementor-section-full_width elementor-section-stretched elementor-section-height-default elementor-section-height-default qodef-elementor-content-no\" data-id=\"8d25e11\" data-element_type=\"section\" data-e-type=\"section\" data-settings=\"{&quot;stretch_section&quot;:&quot;section-stretched&quot;}\">\n\t\t\t\t\t\t<div class=\"elementor-container elementor-column-gap-no\">\n\t\t\t\t\t<div class=\"elementor-column elementor-col-50 elementor-top-column elementor-element elementor-element-3eedd6b\" data-id=\"3eedd6b\" data-element_type=\"column\" data-e-type=\"column\" data-settings=\"{&quot;background_background&quot;:&quot;classic&quot;}\">\n\t\t\t<div class=\"elementor-widget-wrap elementor-element-populated\">\n\t\t\t\t\t\t\t<\/div>\n\t\t<\/div>\n\t\t\t\t<div class=\"elementor-column elementor-col-50 elementor-top-column elementor-element elementor-element-a50d43f\" data-id=\"a50d43f\" data-element_type=\"column\" data-e-type=\"column\" data-settings=\"{&quot;background_background&quot;:&quot;classic&quot;}\">\n\t\t\t<div class=\"elementor-widget-wrap elementor-element-populated\">\n\t\t\t\t\t\t<div class=\"elementor-element elementor-element-4e2ef51 elementor-widget__width-initial elementor-widget elementor-widget-beurre_core_section_title\" data-id=\"4e2ef51\" data-element_type=\"widget\" data-e-type=\"widget\" data-widget_type=\"beurre_core_section_title.default\">\n\t\t\t\t<div class=\"elementor-widget-container\">\n\t\t\t\t\t<div class=\"qodef-shortcode qodef-m  qodef-section-title qodef-alignment--left  \">\n\t\t<span class=\"qodef-m-tagline\">Soutien au sport local et aux valeurs qui nous repr\u00e9sentent<\/span>\n\t\t<h3 class=\"qodef-m-title\" >\n\t\t\t\t\tEngag\u00e9s envers notre environnement\t\t\t<\/h3>\n\t\t<p class=\"qodef-m-text\" >Chez Embutidos Kodes, nous croyons qu'il est important de redonner \u00e0 notre communaut\u00e9 une partie de ce que nous recevons chaque jour. C'est pourquoi nous soutenons les initiatives locales qui encouragent l'effort, le travail d'\u00e9quipe et le d\u00e9passement de soi. C'est dans le cadre de cet engagement que nous parrainons le CD Zirauki, un club qui refl\u00e8te les m\u00eames valeurs qui guident notre travail : d\u00e9vouement, proximit\u00e9 et fiert\u00e9 de ce qui nous appartient. Pour Kodes, accompagner le CD Zirauki est une fa\u00e7on naturelle de continuer \u00e0 miser sur le sport et sur les personnes qui donnent vie \u00e0 notre environnement.   <\/p>\n<\/div>\n\t\t\t\t<\/div>\n\t\t\t\t<\/div>\n\t\t\t\t\t<\/div>\n\t\t<\/div>\n\t\t\t\t\t<\/div>\n\t\t<\/section>\n\t\t\t\t<section class=\"elementor-section elementor-top-section elementor-element elementor-element-4796a81 elementor-section-full_width elementor-section-stretched elementor-section-height-default elementor-section-height-default qodef-elementor-content-no\" data-id=\"4796a81\" data-element_type=\"section\" data-e-type=\"section\" data-settings=\"{&quot;stretch_section&quot;:&quot;section-stretched&quot;,&quot;background_background&quot;:&quot;classic&quot;}\">\n\t\t\t\t\t\t<div class=\"elementor-container elementor-column-gap-no\">\n\t\t\t\t\t<div class=\"elementor-column elementor-col-100 elementor-top-column elementor-element elementor-element-46bde08\" data-id=\"46bde08\" data-element_type=\"column\" data-e-type=\"column\" data-settings=\"{&quot;background_background&quot;:&quot;classic&quot;}\">\n\t\t\t<div class=\"elementor-widget-wrap elementor-element-populated\">\n\t\t\t\t\t\t<div class=\"elementor-element elementor-element-3687606 elementor-widget__width-initial elementor-widget elementor-widget-beurre_core_section_title\" data-id=\"3687606\" data-element_type=\"widget\" data-e-type=\"widget\" data-widget_type=\"beurre_core_section_title.default\">\n\t\t\t\t<div class=\"elementor-widget-container\">\n\t\t\t\t\t<div class=\"qodef-shortcode qodef-m  qodef-section-title qodef-alignment--center  \">\n\t\t\t<h3 class=\"qodef-m-title\" style=\"color: #FFFFFF\">\n\t\t\t\t\tPARCE QUE LES BASQUES AIMENT MANGER, MAIS ENCORE PLUS PARTAGER\t\t\t<\/h3>\n\t\t<p class=\"qodef-m-text\" style=\"color: #F2EEE6\">NOS PRODUITS SONT PARFAITS POUR AGREMENTER CES MOMENTS EN FAMILLE, ENTRE AMIS OU EN COUPLE...<\/p>\n<\/div>\n\t\t\t\t<\/div>\n\t\t\t\t<\/div>\n\t\t\t\t<div class=\"elementor-element elementor-element-75721be botonprod elementor-widget elementor-widget-beurre_core_button\" data-id=\"75721be\" data-element_type=\"widget\" data-e-type=\"widget\" data-widget_type=\"beurre_core_button.default\">\n\t\t\t\t<div class=\"elementor-widget-container\">\n\t\t\t\t\t<a class=\"qodef-shortcode qodef-m  qodef-button qodef-layout--outlined  qodef-html--link\" href=\"https:\/\/www.embutidoskodes.com\/fr\/produits\/\" target=\"_self\" data-hover-color=\"#FFFFFF\" style=\"color: #FFFFFF;font-size: 15px\">\n\t<span class=\"qodef-m-border--top-left\"><\/span>\n\t<span class=\"qodef-m-border--bottom-right\"><\/span>\n\t<span class=\"qodef-m-text\">ESSAYEZ NOS PRODUITS<\/span>\n<\/a>\n\t\t\t\t<\/div>\n\t\t\t\t<\/div>\n\t\t\t\t\t<\/div>\n\t\t<\/div>\n\t\t\t\t\t<\/div>\n\t\t<\/section>\n\t\t\t\t<\/div>\n\t\t","protected":false},"excerpt":{"rendered":"<p>KODES CHEZ KODES, NOUS AVONS CR\u00c9\u00c9 LA PREMI\u00c8RE CHARCUTERIE \u00c0 L&rsquo;AR\u00d4ME BASQUE. UN AR\u00d4ME UNIQUE. PRODUIT 100% BASQUE Emportez un peu de notre terroir dans votre assiette Notre terre est notre identit\u00e9, c&rsquo;est pourquoi nous avons cr\u00e9\u00e9 la premi\u00e8re charcuterie 100 % basque. Fabriqu\u00e9s au Pays basque \u00e0 partir de produits 100 % locaux, nos [&hellip;]<\/p>\n","protected":false},"author":1,"featured_media":0,"parent":0,"menu_order":0,"comment_status":"closed","ping_status":"closed","template":"","meta":{"footnotes":""},"class_list":["post-8458","page","type-page","status-publish","hentry"],"_links":{"self":[{"href":"https:\/\/www.embutidoskodes.com\/fr\/wp-json\/wp\/v2\/pages\/8458","targetHints":{"allow":["GET"]}}],"collection":[{"href":"https:\/\/www.embutidoskodes.com\/fr\/wp-json\/wp\/v2\/pages"}],"about":[{"href":"https:\/\/www.embutidoskodes.com\/fr\/wp-json\/wp\/v2\/types\/page"}],"author":[{"embeddable":true,"href":"https:\/\/www.embutidoskodes.com\/fr\/wp-json\/wp\/v2\/users\/1"}],"replies":[{"embeddable":true,"href":"https:\/\/www.embutidoskodes.com\/fr\/wp-json\/wp\/v2\/comments?post=8458"}],"version-history":[{"count":3,"href":"https:\/\/www.embutidoskodes.com\/fr\/wp-json\/wp\/v2\/pages\/8458\/revisions"}],"predecessor-version":[{"id":8498,"href":"https:\/\/www.embutidoskodes.com\/fr\/wp-json\/wp\/v2\/pages\/8458\/revisions\/8498"}],"wp:attachment":[{"href":"https:\/\/www.embutidoskodes.com\/fr\/wp-json\/wp\/v2\/media?parent=8458"}],"curies":[{"name":"wp","href":"https:\/\/api.w.org\/{rel}","templated":true}]}}