{"id":8433,"date":"2023-08-25T06:36:59","date_gmt":"2023-08-25T06:36:59","guid":{"rendered":"https:\/\/www.embutidoskodes.com\/histoire\/"},"modified":"2026-02-17T14:47:50","modified_gmt":"2026-02-17T14:47:50","slug":"histoire","status":"publish","type":"page","link":"https:\/\/www.embutidoskodes.com\/fr\/histoire\/","title":{"rendered":"Histoire"},"content":{"rendered":"\t\t<div data-elementor-type=\"wp-page\" data-elementor-id=\"8433\" class=\"elementor elementor-8433 elementor-7500\">\n\t\t\t\t\t\t<section class=\"elementor-section elementor-top-section elementor-element elementor-element-8376a19 elementor-section-full_width elementor-section-stretched elementor-section-height-default elementor-section-height-default qodef-elementor-content-no\" data-id=\"8376a19\" data-element_type=\"section\" data-e-type=\"section\" data-settings=\"{&quot;stretch_section&quot;:&quot;section-stretched&quot;,&quot;background_background&quot;:&quot;classic&quot;}\">\n\t\t\t\t\t\t<div class=\"elementor-container elementor-column-gap-no\">\n\t\t\t\t\t<div class=\"elementor-column elementor-col-100 elementor-top-column elementor-element elementor-element-e7deb77\" data-id=\"e7deb77\" data-element_type=\"column\" data-e-type=\"column\">\n\t\t\t<div class=\"elementor-widget-wrap elementor-element-populated\">\n\t\t\t\t\t\t<div class=\"elementor-element elementor-element-cc09555 elementor-widget elementor-widget-heading\" data-id=\"cc09555\" data-element_type=\"widget\" data-e-type=\"widget\" data-widget_type=\"heading.default\">\n\t\t\t\t<div class=\"elementor-widget-container\">\n\t\t\t\t\t<h1 class=\"elementor-heading-title elementor-size-default\">HISTOIRE<\/h1>\t\t\t\t<\/div>\n\t\t\t\t<\/div>\n\t\t\t\t\t<\/div>\n\t\t<\/div>\n\t\t\t\t\t<\/div>\n\t\t<\/section>\n\t\t\t\t<section class=\"elementor-section elementor-top-section elementor-element elementor-element-4bb8b19 elementor-section-full_width elementor-section-height-default elementor-section-height-default qodef-elementor-content-no\" data-id=\"4bb8b19\" data-element_type=\"section\" data-e-type=\"section\">\n\t\t\t\t\t\t<div class=\"elementor-container elementor-column-gap-default\">\n\t\t\t\t\t<div class=\"elementor-column elementor-col-33 elementor-top-column elementor-element elementor-element-85813e0\" data-id=\"85813e0\" data-element_type=\"column\" data-e-type=\"column\">\n\t\t\t<div class=\"elementor-widget-wrap elementor-element-populated\">\n\t\t\t\t\t\t<div class=\"elementor-element elementor-element-e45e98c elementor-widget elementor-widget-image\" data-id=\"e45e98c\" data-element_type=\"widget\" data-e-type=\"widget\" data-widget_type=\"image.default\">\n\t\t\t\t<div class=\"elementor-widget-container\">\n\t\t\t\t\t\t\t\t\t\t\t\t\t\t\t<img fetchpriority=\"high\" decoding=\"async\" width=\"1024\" height=\"1024\" src=\"https:\/\/www.embutidoskodes.com\/wp-content\/uploads\/2024\/05\/cultura-1024x1024.png\" class=\"attachment-large size-large wp-image-8428\" alt=\"\" srcset=\"https:\/\/www.embutidoskodes.com\/wp-content\/uploads\/2024\/05\/cultura-1024x1024.png 1024w, https:\/\/www.embutidoskodes.com\/wp-content\/uploads\/2024\/05\/cultura-300x300.png 300w, https:\/\/www.embutidoskodes.com\/wp-content\/uploads\/2024\/05\/cultura-150x150.png 150w, https:\/\/www.embutidoskodes.com\/wp-content\/uploads\/2024\/05\/cultura-768x768.png 768w, https:\/\/www.embutidoskodes.com\/wp-content\/uploads\/2024\/05\/cultura-1536x1536.png 1536w, https:\/\/www.embutidoskodes.com\/wp-content\/uploads\/2024\/05\/cultura-2048x2048.png 2048w, https:\/\/www.embutidoskodes.com\/wp-content\/uploads\/2024\/05\/cultura-650x650.png 650w, https:\/\/www.embutidoskodes.com\/wp-content\/uploads\/2024\/05\/cultura-1300x1300.png 1300w\" sizes=\"(max-width: 1024px) 100vw, 1024px\" \/>\t\t\t\t\t\t\t\t\t\t\t\t\t\t\t<\/div>\n\t\t\t\t<\/div>\n\t\t\t\t<div class=\"elementor-element elementor-element-ada2b52 elementor-widget elementor-widget-beurre_core_separator\" data-id=\"ada2b52\" data-element_type=\"widget\" data-e-type=\"widget\" data-widget_type=\"beurre_core_separator.default\">\n\t\t\t\t<div class=\"elementor-widget-container\">\n\t\t\t\t\t<div class=\"qodef-shortcode qodef-m  qodef-separator clear  \">\n\t<div class=\"qodef-m-line\" style=\"border-color: #CCBCA1;width: 160px;border-bottom-width: 4px\"><\/div>\n<\/div>\n\t\t\t\t<\/div>\n\t\t\t\t<\/div>\n\t\t\t\t<div class=\"elementor-element elementor-element-b88306e elementor-widget elementor-widget-beurre_core_custom_font\" data-id=\"b88306e\" data-element_type=\"widget\" data-e-type=\"widget\" data-widget_type=\"beurre_core_custom_font.default\">\n\t\t\t\t<div class=\"elementor-widget-container\">\n\t\t\t\t\t<p class=\"qodef-shortcode qodef-m  qodef-custom-font qodef-custom-font-614 qodef-layout--simple  \" style=\"color: #23443E;font-family: Barlow;font-size: 32px;line-height: 32px;font-weight: 400\">CULTURE<\/p>\n\t\t\t\t<\/div>\n\t\t\t\t<\/div>\n\t\t\t\t\t<\/div>\n\t\t<\/div>\n\t\t\t\t<div class=\"elementor-column elementor-col-33 elementor-top-column elementor-element elementor-element-1422f58\" data-id=\"1422f58\" data-element_type=\"column\" data-e-type=\"column\">\n\t\t\t<div class=\"elementor-widget-wrap elementor-element-populated\">\n\t\t\t\t\t\t<div class=\"elementor-element elementor-element-89d9983 elementor-widget elementor-widget-image\" data-id=\"89d9983\" data-element_type=\"widget\" data-e-type=\"widget\" data-widget_type=\"image.default\">\n\t\t\t\t<div class=\"elementor-widget-container\">\n\t\t\t\t\t\t\t\t\t\t\t\t\t\t\t<img decoding=\"async\" width=\"1024\" height=\"1024\" src=\"https:\/\/www.embutidoskodes.com\/wp-content\/uploads\/2024\/05\/origen-1024x1024.png\" class=\"attachment-large size-large wp-image-8429\" alt=\"\" srcset=\"https:\/\/www.embutidoskodes.com\/wp-content\/uploads\/2024\/05\/origen-1024x1024.png 1024w, https:\/\/www.embutidoskodes.com\/wp-content\/uploads\/2024\/05\/origen-300x300.png 300w, https:\/\/www.embutidoskodes.com\/wp-content\/uploads\/2024\/05\/origen-150x150.png 150w, https:\/\/www.embutidoskodes.com\/wp-content\/uploads\/2024\/05\/origen-768x768.png 768w, https:\/\/www.embutidoskodes.com\/wp-content\/uploads\/2024\/05\/origen-1536x1536.png 1536w, https:\/\/www.embutidoskodes.com\/wp-content\/uploads\/2024\/05\/origen-2048x2048.png 2048w, https:\/\/www.embutidoskodes.com\/wp-content\/uploads\/2024\/05\/origen-650x650.png 650w, https:\/\/www.embutidoskodes.com\/wp-content\/uploads\/2024\/05\/origen-1300x1300.png 1300w\" sizes=\"(max-width: 1024px) 100vw, 1024px\" \/>\t\t\t\t\t\t\t\t\t\t\t\t\t\t\t<\/div>\n\t\t\t\t<\/div>\n\t\t\t\t<div class=\"elementor-element elementor-element-cb4bab4 elementor-widget elementor-widget-beurre_core_separator\" data-id=\"cb4bab4\" data-element_type=\"widget\" data-e-type=\"widget\" data-widget_type=\"beurre_core_separator.default\">\n\t\t\t\t<div class=\"elementor-widget-container\">\n\t\t\t\t\t<div class=\"qodef-shortcode qodef-m  qodef-separator clear  \">\n\t<div class=\"qodef-m-line\" style=\"border-color: #CCBCA1;width: 160px;border-bottom-width: 4px\"><\/div>\n<\/div>\n\t\t\t\t<\/div>\n\t\t\t\t<\/div>\n\t\t\t\t<div class=\"elementor-element elementor-element-7dd3443 elementor-widget elementor-widget-beurre_core_custom_font\" data-id=\"7dd3443\" data-element_type=\"widget\" data-e-type=\"widget\" data-widget_type=\"beurre_core_custom_font.default\">\n\t\t\t\t<div class=\"elementor-widget-container\">\n\t\t\t\t\t<p class=\"qodef-shortcode qodef-m  qodef-custom-font qodef-custom-font-991 qodef-layout--simple  \" style=\"color: #23443E;font-family: Barlow;font-size: 32px;line-height: 32px;font-weight: 400\">ORIGINE<\/p>\n\t\t\t\t<\/div>\n\t\t\t\t<\/div>\n\t\t\t\t\t<\/div>\n\t\t<\/div>\n\t\t\t\t<div class=\"elementor-column elementor-col-33 elementor-top-column elementor-element elementor-element-0bbe85c\" data-id=\"0bbe85c\" data-element_type=\"column\" data-e-type=\"column\">\n\t\t\t<div class=\"elementor-widget-wrap elementor-element-populated\">\n\t\t\t\t\t\t<div class=\"elementor-element elementor-element-e720b07 elementor-widget elementor-widget-image\" data-id=\"e720b07\" data-element_type=\"widget\" data-e-type=\"widget\" data-widget_type=\"image.default\">\n\t\t\t\t<div class=\"elementor-widget-container\">\n\t\t\t\t\t\t\t\t\t\t\t\t\t\t\t<img decoding=\"async\" width=\"1024\" height=\"1024\" src=\"https:\/\/www.embutidoskodes.com\/wp-content\/uploads\/2024\/05\/tradicion-1024x1024.png\" class=\"attachment-large size-large wp-image-8430\" alt=\"\" srcset=\"https:\/\/www.embutidoskodes.com\/wp-content\/uploads\/2024\/05\/tradicion-1024x1024.png 1024w, https:\/\/www.embutidoskodes.com\/wp-content\/uploads\/2024\/05\/tradicion-300x300.png 300w, https:\/\/www.embutidoskodes.com\/wp-content\/uploads\/2024\/05\/tradicion-150x150.png 150w, https:\/\/www.embutidoskodes.com\/wp-content\/uploads\/2024\/05\/tradicion-768x768.png 768w, https:\/\/www.embutidoskodes.com\/wp-content\/uploads\/2024\/05\/tradicion-1536x1536.png 1536w, https:\/\/www.embutidoskodes.com\/wp-content\/uploads\/2024\/05\/tradicion-2048x2048.png 2048w, https:\/\/www.embutidoskodes.com\/wp-content\/uploads\/2024\/05\/tradicion-650x650.png 650w, https:\/\/www.embutidoskodes.com\/wp-content\/uploads\/2024\/05\/tradicion-1300x1300.png 1300w\" sizes=\"(max-width: 1024px) 100vw, 1024px\" \/>\t\t\t\t\t\t\t\t\t\t\t\t\t\t\t<\/div>\n\t\t\t\t<\/div>\n\t\t\t\t<div class=\"elementor-element elementor-element-a1730fa elementor-widget elementor-widget-beurre_core_separator\" data-id=\"a1730fa\" data-element_type=\"widget\" data-e-type=\"widget\" data-widget_type=\"beurre_core_separator.default\">\n\t\t\t\t<div class=\"elementor-widget-container\">\n\t\t\t\t\t<div class=\"qodef-shortcode qodef-m  qodef-separator clear  \">\n\t<div class=\"qodef-m-line\" style=\"border-color: #CCBCA1;width: 160px;border-bottom-width: 4px\"><\/div>\n<\/div>\n\t\t\t\t<\/div>\n\t\t\t\t<\/div>\n\t\t\t\t<div class=\"elementor-element elementor-element-78d37a0 elementor-widget elementor-widget-beurre_core_custom_font\" data-id=\"78d37a0\" data-element_type=\"widget\" data-e-type=\"widget\" data-widget_type=\"beurre_core_custom_font.default\">\n\t\t\t\t<div class=\"elementor-widget-container\">\n\t\t\t\t\t<p class=\"qodef-shortcode qodef-m  qodef-custom-font qodef-custom-font-251 qodef-layout--simple  \" style=\"color: #23443E;font-family: Barlow;font-size: 32px;line-height: 32px;font-weight: 400\">TRADITION<\/p>\n\t\t\t\t<\/div>\n\t\t\t\t<\/div>\n\t\t\t\t\t<\/div>\n\t\t<\/div>\n\t\t\t\t\t<\/div>\n\t\t<\/section>\n\t\t\t\t<section class=\"elementor-section elementor-top-section elementor-element elementor-element-34d5c25 elementor-section-full_width elementor-section-stretched elementor-section-height-default elementor-section-height-default qodef-elementor-content-no\" data-id=\"34d5c25\" data-element_type=\"section\" data-e-type=\"section\" data-settings=\"{&quot;stretch_section&quot;:&quot;section-stretched&quot;,&quot;background_background&quot;:&quot;classic&quot;}\">\n\t\t\t\t\t\t<div class=\"elementor-container elementor-column-gap-no\">\n\t\t\t\t\t<div class=\"elementor-column elementor-col-50 elementor-top-column elementor-element elementor-element-e40a2a9\" data-id=\"e40a2a9\" data-element_type=\"column\" data-e-type=\"column\" data-settings=\"{&quot;background_background&quot;:&quot;classic&quot;}\">\n\t\t\t<div class=\"elementor-widget-wrap elementor-element-populated\">\n\t\t\t\t\t\t<div class=\"elementor-element elementor-element-fe07593 elementor-widget elementor-widget-image\" data-id=\"fe07593\" data-element_type=\"widget\" data-e-type=\"widget\" data-widget_type=\"image.default\">\n\t\t\t\t<div class=\"elementor-widget-container\">\n\t\t\t\t\t\t\t\t\t\t\t\t\t\t\t<img loading=\"lazy\" decoding=\"async\" width=\"1024\" height=\"1024\" src=\"https:\/\/www.embutidoskodes.com\/wp-content\/uploads\/2025\/11\/historia-1.png\" class=\"attachment-large size-large wp-image-8431\" alt=\"\" srcset=\"https:\/\/www.embutidoskodes.com\/wp-content\/uploads\/2025\/11\/historia-1.png 1024w, https:\/\/www.embutidoskodes.com\/wp-content\/uploads\/2025\/11\/historia-1-300x300.png 300w, https:\/\/www.embutidoskodes.com\/wp-content\/uploads\/2025\/11\/historia-1-150x150.png 150w, https:\/\/www.embutidoskodes.com\/wp-content\/uploads\/2025\/11\/historia-1-768x768.png 768w, https:\/\/www.embutidoskodes.com\/wp-content\/uploads\/2025\/11\/historia-1-650x650.png 650w\" sizes=\"(max-width: 1024px) 100vw, 1024px\" \/>\t\t\t\t\t\t\t\t\t\t\t\t\t\t\t<\/div>\n\t\t\t\t<\/div>\n\t\t\t\t\t<\/div>\n\t\t<\/div>\n\t\t\t\t<div class=\"elementor-column elementor-col-50 elementor-top-column elementor-element elementor-element-b2c6c4d\" data-id=\"b2c6c4d\" data-element_type=\"column\" data-e-type=\"column\" data-settings=\"{&quot;background_background&quot;:&quot;classic&quot;}\">\n\t\t\t<div class=\"elementor-widget-wrap elementor-element-populated\">\n\t\t\t\t\t<div class=\"elementor-background-overlay\"><\/div>\n\t\t\t\t\t\t<div class=\"elementor-element elementor-element-1c62592 elementor-widget__width-initial elementor-widget elementor-widget-beurre_core_section_title\" data-id=\"1c62592\" data-element_type=\"widget\" data-e-type=\"widget\" data-widget_type=\"beurre_core_section_title.default\">\n\t\t\t\t<div class=\"elementor-widget-container\">\n\t\t\t\t\t<div class=\"qodef-shortcode qodef-m  qodef-section-title qodef-alignment--left  \">\n\t\t<span class=\"qodef-m-tagline\">NOTRE HISTOIRE<\/span>\n\t\t<h3 class=\"qodef-m-title\" >\n\t\t\t\t\tL\u00e0 o\u00f9 na\u00eet une charcuterie \u00e0 l'\u00e2me basque\t\t\t<\/h3>\n\t\t<p class=\"qodef-m-text\" >Avant que KODES ne devienne une marque, c'\u00e9tait une id\u00e9e simple : celle de conserver un parfum. Le parfum des fermes, des march\u00e9s de village, de la fum\u00e9e douce qui embaume les cuisines anciennes et de cette touche de poivre qui r\u00e9veille la m\u00e9moire. Un parfum qui ne s'explique pas, qui se ressent simplement.\n<br><br>KODES est n\u00e9 \u00e0 la crois\u00e9e de la tradition et du d\u00e9sir. La tradition d'une r\u00e9gion qui cuisine sans pr\u00e9cipitation, qui respecte les produits et qui comprend que les saveurs ne s'inventent pas : elles se transmettent. Et le d\u00e9sir de cr\u00e9er une charcuterie qui ne soit pas seulement un aliment, mais aussi une histoire. Une fa\u00e7on de raconter qui nous sommes, d'o\u00f9 nous venons et pourquoi nous d\u00e9fendons notre conception de la gastronomie.<\/p>\n<\/div>\n\t\t\t\t<\/div>\n\t\t\t\t<\/div>\n\t\t\t\t\t<\/div>\n\t\t<\/div>\n\t\t\t\t\t<\/div>\n\t\t<\/section>\n\t\t\t\t<section class=\"elementor-section elementor-top-section elementor-element elementor-element-17220b7 elementor-section-full_width elementor-section-stretched elementor-section-height-default elementor-section-height-default qodef-elementor-content-no\" data-id=\"17220b7\" data-element_type=\"section\" data-e-type=\"section\" data-settings=\"{&quot;stretch_section&quot;:&quot;section-stretched&quot;,&quot;background_background&quot;:&quot;classic&quot;}\">\n\t\t\t\t\t\t<div class=\"elementor-container elementor-column-gap-no\">\n\t\t\t\t\t<div class=\"elementor-column elementor-col-50 elementor-top-column elementor-element elementor-element-a768453\" data-id=\"a768453\" data-element_type=\"column\" data-e-type=\"column\" data-settings=\"{&quot;background_background&quot;:&quot;classic&quot;}\">\n\t\t\t<div class=\"elementor-widget-wrap elementor-element-populated\">\n\t\t\t\t\t\t<div class=\"elementor-element elementor-element-02d0519 elementor-widget__width-initial elementor-widget elementor-widget-beurre_core_section_title\" data-id=\"02d0519\" data-element_type=\"widget\" data-e-type=\"widget\" data-widget_type=\"beurre_core_section_title.default\">\n\t\t\t\t<div class=\"elementor-widget-container\">\n\t\t\t\t\t<div class=\"qodef-shortcode qodef-m  qodef-section-title qodef-alignment--left  \">\n\t\t\t<h3 class=\"qodef-m-title\" >\n\t\t\t\t\tUNE TERRE QUI S'EXPRIME \u00c0 TRAVERS SES SAVEURS\t\t\t<\/h3>\n\t\t<p class=\"qodef-m-text\" >Au Pays basque, la cuisine est plus qu'une table dress\u00e9e: c'est une fa\u00e7on de voir le monde. Chaque ingr\u00e9dient a son histoire, chaque recette a sa raison d'\u00eatre et chaque saveur a ses racines.\n<br><br>Nos premi\u00e8res charcuteries ont \u00e9t\u00e9 \u00e9labor\u00e9es comme elles l'ont toujours \u00e9t\u00e9 ici : avec respect, patience et un lien profond avec le territoire. Nous ne cherchions pas \u00e0 cr\u00e9er un produit de plus, mais \u00e0 capturer cet esprit qui rend le basque si reconnaissable partout dans le monde.\n<br><br>Un ingr\u00e9dient nous a indiqu\u00e9 la voie \u00e0 suivre: le piment d'Espelette. Son ar\u00f4me chaleureux, \u00e9l\u00e9gant et vif correspondait parfaitement \u00e0 ce que nous voulions transmettre. Ce n'\u00e9tait pas seulement un assaisonnement: c'\u00e9tait une d\u00e9claration d'intention. Un pont entre le Pays basque espagnol et le Pays basque fran\u00e7ais, entre deux cultures s\u0153urs qui partagent le m\u00eame caract\u00e8re, la m\u00eame terre et la m\u00eame sensibilit\u00e9 gastronomique.<\/p>\n<\/div>\n\t\t\t\t<\/div>\n\t\t\t\t<\/div>\n\t\t\t\t\t<\/div>\n\t\t<\/div>\n\t\t\t\t<div class=\"elementor-column elementor-col-50 elementor-top-column elementor-element elementor-element-510bd1c\" data-id=\"510bd1c\" data-element_type=\"column\" data-e-type=\"column\" data-settings=\"{&quot;background_background&quot;:&quot;classic&quot;}\">\n\t\t\t<div class=\"elementor-widget-wrap elementor-element-populated\">\n\t\t\t\t\t\t<div class=\"elementor-element elementor-element-6b1a565 elementor-widget elementor-widget-image\" data-id=\"6b1a565\" data-element_type=\"widget\" data-e-type=\"widget\" data-widget_type=\"image.default\">\n\t\t\t\t<div class=\"elementor-widget-container\">\n\t\t\t\t\t\t\t\t\t\t\t\t\t\t\t<img loading=\"lazy\" decoding=\"async\" width=\"1024\" height=\"683\" src=\"https:\/\/www.embutidoskodes.com\/wp-content\/uploads\/2025\/11\/historia-2-1024x683.png\" class=\"attachment-large size-large wp-image-8432\" alt=\"\" srcset=\"https:\/\/www.embutidoskodes.com\/wp-content\/uploads\/2025\/11\/historia-2-1024x683.png 1024w, https:\/\/www.embutidoskodes.com\/wp-content\/uploads\/2025\/11\/historia-2-300x200.png 300w, https:\/\/www.embutidoskodes.com\/wp-content\/uploads\/2025\/11\/historia-2-768x512.png 768w, https:\/\/www.embutidoskodes.com\/wp-content\/uploads\/2025\/11\/historia-2.png 1248w\" sizes=\"(max-width: 1024px) 100vw, 1024px\" \/>\t\t\t\t\t\t\t\t\t\t\t\t\t\t\t<\/div>\n\t\t\t\t<\/div>\n\t\t\t\t\t<\/div>\n\t\t<\/div>\n\t\t\t\t\t<\/div>\n\t\t<\/section>\n\t\t\t\t<section class=\"elementor-section elementor-top-section elementor-element elementor-element-5739bde elementor-section-full_width elementor-section-stretched elementor-section-height-default elementor-section-height-default qodef-elementor-content-no\" data-id=\"5739bde\" data-element_type=\"section\" data-e-type=\"section\" data-settings=\"{&quot;stretch_section&quot;:&quot;section-stretched&quot;,&quot;background_background&quot;:&quot;classic&quot;}\">\n\t\t\t\t\t\t<div class=\"elementor-container elementor-column-gap-no\">\n\t\t\t\t\t<div class=\"elementor-column elementor-col-100 elementor-top-column elementor-element elementor-element-c66addc\" data-id=\"c66addc\" data-element_type=\"column\" data-e-type=\"column\" data-settings=\"{&quot;background_background&quot;:&quot;classic&quot;}\">\n\t\t\t<div class=\"elementor-widget-wrap elementor-element-populated\">\n\t\t\t\t\t\t<div class=\"elementor-element elementor-element-be732a7 elementor-widget__width-initial elementor-widget elementor-widget-beurre_core_section_title\" data-id=\"be732a7\" data-element_type=\"widget\" data-e-type=\"widget\" data-widget_type=\"beurre_core_section_title.default\">\n\t\t\t\t<div class=\"elementor-widget-container\">\n\t\t\t\t\t<div class=\"qodef-shortcode qodef-m  qodef-section-title qodef-alignment--center  \">\n\t\t\t<h3 class=\"qodef-m-title\" style=\"color: #FFFFFF\">\n\t\t\t\t\tNOTRE ORIGINE, NOTRE CULTURE, NOTRE MODE DE VIE\t\t\t<\/h3>\n\t\t<p class=\"qodef-m-text\" style=\"color: #F2EEE6\">PROFITEZ ET PARTAGEZ NOS PRODUITS<\/p>\n<\/div>\n\t\t\t\t<\/div>\n\t\t\t\t<\/div>\n\t\t\t\t\t<\/div>\n\t\t<\/div>\n\t\t\t\t\t<\/div>\n\t\t<\/section>\n\t\t\t\t<\/div>\n\t\t","protected":false},"excerpt":{"rendered":"<p>HISTOIRE CULTURE ORIGINE TRADITION NOTRE HISTOIRE L\u00e0 o\u00f9 na\u00eet une charcuterie \u00e0 l&rsquo;\u00e2me basque Avant que KODES ne devienne une marque, c&rsquo;\u00e9tait une id\u00e9e simple : celle de conserver un parfum. Le parfum des fermes, des march\u00e9s de village, de la fum\u00e9e douce qui embaume les cuisines anciennes et de cette touche de poivre qui [&hellip;]<\/p>\n","protected":false},"author":1,"featured_media":0,"parent":0,"menu_order":0,"comment_status":"closed","ping_status":"closed","template":"","meta":{"footnotes":""},"class_list":["post-8433","page","type-page","status-publish","hentry"],"_links":{"self":[{"href":"https:\/\/www.embutidoskodes.com\/fr\/wp-json\/wp\/v2\/pages\/8433","targetHints":{"allow":["GET"]}}],"collection":[{"href":"https:\/\/www.embutidoskodes.com\/fr\/wp-json\/wp\/v2\/pages"}],"about":[{"href":"https:\/\/www.embutidoskodes.com\/fr\/wp-json\/wp\/v2\/types\/page"}],"author":[{"embeddable":true,"href":"https:\/\/www.embutidoskodes.com\/fr\/wp-json\/wp\/v2\/users\/1"}],"replies":[{"embeddable":true,"href":"https:\/\/www.embutidoskodes.com\/fr\/wp-json\/wp\/v2\/comments?post=8433"}],"version-history":[{"count":1,"href":"https:\/\/www.embutidoskodes.com\/fr\/wp-json\/wp\/v2\/pages\/8433\/revisions"}],"predecessor-version":[{"id":8439,"href":"https:\/\/www.embutidoskodes.com\/fr\/wp-json\/wp\/v2\/pages\/8433\/revisions\/8439"}],"wp:attachment":[{"href":"https:\/\/www.embutidoskodes.com\/fr\/wp-json\/wp\/v2\/media?parent=8433"}],"curies":[{"name":"wp","href":"https:\/\/api.w.org\/{rel}","templated":true}]}}